{"id":2150,"date":"2023-11-10T18:04:20","date_gmt":"2023-11-10T17:04:20","guid":{"rendered":"https:\/\/customkamado.com\/?post_type=product&#038;p=2150"},"modified":"2024-01-08T14:20:38","modified_gmt":"2024-01-08T13:20:38","slug":"gruner-kamado","status":"publish","type":"product","link":"https:\/\/customkamado.com\/de\/kamado-grill-kaufen-2\/gruner-kamado\/","title":{"rendered":"Gr\u00fcner Kamado"},"content":{"rendered":"","protected":false},"excerpt":{"rendered":"<p>Der gr\u00fcne Kamado-Grill ist eine fantastische M\u00f6glichkeit, Ihre Vorliebe f\u00fcr das Grillen und die kulinarischen Aktivit\u00e4ten im Freien zu demonstrieren. Ganz gleich, ob Sie ein begeisterter Anf\u00e4nger oder ein erfahrener Grillexperte sind, mit dem gr\u00fcnen Kamado haben Sie die M\u00f6glichkeit, Ihren individuellen Stil und Ihre Pers\u00f6nlichkeit zum Ausdruck zu bringen.<\/p>","protected":false},"featured_media":2153,"comment_status":"closed","ping_status":"closed","template":"","meta":[],"product_brand":[],"product_cat":[60],"product_tag":[],"class_list":{"0":"post-2150","1":"product","2":"type-product","3":"status-publish","4":"has-post-thumbnail","6":"product_cat-kamado-grill","8":"first","9":"instock","10":"taxable","11":"shipping-taxable","12":"purchasable","13":"product-type-simple"},"_links":{"self":[{"href":"https:\/\/customkamado.com\/de\/wp-json\/wp\/v2\/product\/2150","targetHints":{"allow":["GET"]}}],"collection":[{"href":"https:\/\/customkamado.com\/de\/wp-json\/wp\/v2\/product"}],"about":[{"href":"https:\/\/customkamado.com\/de\/wp-json\/wp\/v2\/types\/product"}],"replies":[{"embeddable":true,"href":"https:\/\/customkamado.com\/de\/wp-json\/wp\/v2\/comments?post=2150"}],"wp:featuredmedia":[{"embeddable":true,"href":"https:\/\/customkamado.com\/de\/wp-json\/wp\/v2\/media\/2153"}],"wp:attachment":[{"href":"https:\/\/customkamado.com\/de\/wp-json\/wp\/v2\/media?parent=2150"}],"wp:term":[{"taxonomy":"product_brand","embeddable":true,"href":"https:\/\/customkamado.com\/de\/wp-json\/wp\/v2\/product_brand?post=2150"},{"taxonomy":"product_cat","embeddable":true,"href":"https:\/\/customkamado.com\/de\/wp-json\/wp\/v2\/product_cat?post=2150"},{"taxonomy":"product_tag","embeddable":true,"href":"https:\/\/customkamado.com\/de\/wp-json\/wp\/v2\/product_tag?post=2150"}],"curies":[{"name":"wp","href":"https:\/\/api.w.org\/{rel}","templated":true}]}}