{"id":2154,"date":"2023-11-10T18:09:01","date_gmt":"2023-11-10T17:09:01","guid":{"rendered":"https:\/\/customkamado.com\/?post_type=product&#038;p=2154"},"modified":"2024-01-08T14:22:32","modified_gmt":"2024-01-08T13:22:32","slug":"schwarzer-kamado","status":"publish","type":"product","link":"https:\/\/customkamado.com\/de\/kamado-grill-kaufen-2\/schwarzer-kamado\/","title":{"rendered":"Schwarzer Kamado"},"content":{"rendered":"","protected":false},"excerpt":{"rendered":"<p>Der schwarze Kamado-Grill ist ein fantastisches Mittel, um Ihre Vorliebe f\u00fcr das Grillen und die kulinarischen Aktivit\u00e4ten im Freien zu demonstrieren. Ganz gleich, ob Sie ein leidenschaftlicher Anf\u00e4nger oder ein erfahrener Grillexperte sind, die Personalisierung Ihres schwarzen Kamado bietet Ihnen die M\u00f6glichkeit, Ihren individuellen Stil und Ihre Pers\u00f6nlichkeit zu zeigen.<\/p>","protected":false},"featured_media":2158,"comment_status":"closed","ping_status":"closed","template":"","meta":[],"product_brand":[],"product_cat":[60],"product_tag":[],"class_list":{"0":"post-2154","1":"product","2":"type-product","3":"status-publish","4":"has-post-thumbnail","6":"product_cat-kamado-grill","8":"first","9":"instock","10":"taxable","11":"shipping-taxable","12":"purchasable","13":"product-type-simple"},"_links":{"self":[{"href":"https:\/\/customkamado.com\/de\/wp-json\/wp\/v2\/product\/2154","targetHints":{"allow":["GET"]}}],"collection":[{"href":"https:\/\/customkamado.com\/de\/wp-json\/wp\/v2\/product"}],"about":[{"href":"https:\/\/customkamado.com\/de\/wp-json\/wp\/v2\/types\/product"}],"replies":[{"embeddable":true,"href":"https:\/\/customkamado.com\/de\/wp-json\/wp\/v2\/comments?post=2154"}],"wp:featuredmedia":[{"embeddable":true,"href":"https:\/\/customkamado.com\/de\/wp-json\/wp\/v2\/media\/2158"}],"wp:attachment":[{"href":"https:\/\/customkamado.com\/de\/wp-json\/wp\/v2\/media?parent=2154"}],"wp:term":[{"taxonomy":"product_brand","embeddable":true,"href":"https:\/\/customkamado.com\/de\/wp-json\/wp\/v2\/product_brand?post=2154"},{"taxonomy":"product_cat","embeddable":true,"href":"https:\/\/customkamado.com\/de\/wp-json\/wp\/v2\/product_cat?post=2154"},{"taxonomy":"product_tag","embeddable":true,"href":"https:\/\/customkamado.com\/de\/wp-json\/wp\/v2\/product_tag?post=2154"}],"curies":[{"name":"wp","href":"https:\/\/api.w.org\/{rel}","templated":true}]}}